{"id":20,"date":"2021-03-23T03:10:34","date_gmt":"2021-03-23T03:10:34","guid":{"rendered":"https:\/\/baourouge.com\/fr\/?page_id=20"},"modified":"2026-01-14T16:08:30","modified_gmt":"2026-01-14T16:08:30","slug":"a-propos","status":"publish","type":"page","link":"https:\/\/baourouge.com\/fr\/a-propos\/","title":{"rendered":"A propos"},"content":{"rendered":"\t\t<div data-elementor-type=\"wp-page\" data-elementor-id=\"20\" class=\"elementor elementor-20\" data-elementor-post-type=\"page\">\n\t\t\t\t\t\t<section class=\"elementor-section elementor-top-section elementor-element elementor-element-740b691 elementor-section-boxed elementor-section-height-default elementor-section-height-default\" data-id=\"740b691\" data-element_type=\"section\" data-e-type=\"section\">\n\t\t\t\t\t\t<div class=\"elementor-container elementor-column-gap-default\">\n\t\t\t\t\t<div class=\"elementor-column elementor-col-100 elementor-top-column elementor-element elementor-element-b8e27ab\" data-id=\"b8e27ab\" data-element_type=\"column\" data-e-type=\"column\">\n\t\t\t<div class=\"elementor-widget-wrap elementor-element-populated\">\n\t\t\t\t\t\t<div class=\"elementor-element elementor-element-2632547 elementor-widget elementor-widget-image\" data-id=\"2632547\" data-element_type=\"widget\" data-e-type=\"widget\" data-widget_type=\"image.default\">\n\t\t\t\t<div class=\"elementor-widget-container\">\n\t\t\t\t\t\t\t\t\t\t\t\t\t\t\t<img fetchpriority=\"high\" decoding=\"async\" width=\"1632\" height=\"672\" src=\"https:\/\/baourouge.com\/fr\/wp-content\/uploads\/2021\/05\/FB_baourougeLandscae.jpg\" class=\"attachment-full size-full wp-image-702\" alt=\"\" srcset=\"https:\/\/baourouge.com\/fr\/wp-content\/uploads\/2021\/05\/FB_baourougeLandscae.jpg 1632w, https:\/\/baourouge.com\/fr\/wp-content\/uploads\/2021\/05\/FB_baourougeLandscae-300x124.jpg 300w, https:\/\/baourouge.com\/fr\/wp-content\/uploads\/2021\/05\/FB_baourougeLandscae-1024x422.jpg 1024w, https:\/\/baourouge.com\/fr\/wp-content\/uploads\/2021\/05\/FB_baourougeLandscae-768x316.jpg 768w, https:\/\/baourouge.com\/fr\/wp-content\/uploads\/2021\/05\/FB_baourougeLandscae-1536x632.jpg 1536w, https:\/\/baourouge.com\/fr\/wp-content\/uploads\/2021\/05\/FB_baourougeLandscae-600x247.jpg 600w\" sizes=\"(max-width: 1632px) 100vw, 1632px\" \/>\t\t\t\t\t\t\t\t\t\t\t\t\t\t\t<\/div>\n\t\t\t\t<\/div>\n\t\t\t\t\t<\/div>\n\t\t<\/div>\n\t\t\t\t\t<\/div>\n\t\t<\/section>\n\t\t\t\t<section class=\"elementor-section elementor-top-section elementor-element elementor-element-15dda7b elementor-section-boxed elementor-section-height-default elementor-section-height-default\" data-id=\"15dda7b\" data-element_type=\"section\" data-e-type=\"section\">\n\t\t\t\t\t\t<div class=\"elementor-container elementor-column-gap-default\">\n\t\t\t\t\t<div class=\"elementor-column elementor-col-100 elementor-top-column elementor-element elementor-element-39d57f2\" data-id=\"39d57f2\" data-element_type=\"column\" data-e-type=\"column\">\n\t\t\t<div class=\"elementor-widget-wrap elementor-element-populated\">\n\t\t\t\t\t\t<div class=\"elementor-element elementor-element-db41a3e elementor-widget elementor-widget-text-editor\" data-id=\"db41a3e\" data-element_type=\"widget\" data-e-type=\"widget\" data-widget_type=\"text-editor.default\">\n\t\t\t\t<div class=\"elementor-widget-container\">\n\t\t\t\t\t\t\t\t\t<h2><strong>A propos de BaouRouge<\/strong><\/h2><p><span style=\"font-weight: 400;\">En vieux Procencal, le Baou Rouge est une colline escarp\u00e9e, rouge des terres du sud de la France. La Provence est une r\u00e9gion de merveilles naturelles, au climat agr\u00e9able et \u00e0 la cuisine renomm\u00e9e. C&rsquo;est perch\u00e9 au sommet d&rsquo;un Baou Rouge, l\u00e0 o\u00f9 la terre et le ciel rencontrent la mer M\u00e9diterran\u00e9e, que se trouvent mes racines ; un rep\u00e8re pour les gens alentour, et un lieu d&rsquo;une grande importance personnelle. Parce que le Baou Rouge \u00e9voque ainsi un lieu d\u2019exception, j&rsquo;ai d\u00e9cid\u00e9 d&rsquo;adopter le nom pour mon activit\u00e9 et identifier des produits porteurs d&rsquo;une v\u00e9ritable utilit\u00e9, valeur et beaut\u00e9.<\/span><\/p>\t\t\t\t\t\t\t\t<\/div>\n\t\t\t\t<\/div>\n\t\t\t\t\t<\/div>\n\t\t<\/div>\n\t\t\t\t\t<\/div>\n\t\t<\/section>\n\t\t\t\t<section class=\"elementor-section elementor-top-section elementor-element elementor-element-ee228a9 elementor-section-boxed elementor-section-height-default elementor-section-height-default\" data-id=\"ee228a9\" data-element_type=\"section\" data-e-type=\"section\">\n\t\t\t\t\t\t<div class=\"elementor-container elementor-column-gap-default\">\n\t\t\t\t\t<div class=\"elementor-column elementor-col-33 elementor-top-column elementor-element elementor-element-f3d60cc\" data-id=\"f3d60cc\" data-element_type=\"column\" data-e-type=\"column\">\n\t\t\t<div class=\"elementor-widget-wrap elementor-element-populated\">\n\t\t\t\t\t\t<div class=\"elementor-element elementor-element-ca5da44 elementor-widget elementor-widget-image\" data-id=\"ca5da44\" data-element_type=\"widget\" data-e-type=\"widget\" data-widget_type=\"image.default\">\n\t\t\t\t<div class=\"elementor-widget-container\">\n\t\t\t\t\t\t\t\t\t\t\t\t\t\t\t<img decoding=\"async\" width=\"768\" height=\"768\" data-src=\"https:\/\/baourouge.com\/fr\/wp-content\/uploads\/2024\/09\/Chinese_Stamp_Freepik_BaouRouge-scaled-1-768x768.jpg\" class=\"attachment-medium_large size-medium_large wp-image-8420 lazyload\" alt=\"\" data-srcset=\"https:\/\/baourouge.com\/fr\/wp-content\/uploads\/2024\/09\/Chinese_Stamp_Freepik_BaouRouge-scaled-1-768x768.jpg 768w, https:\/\/baourouge.com\/fr\/wp-content\/uploads\/2024\/09\/Chinese_Stamp_Freepik_BaouRouge-scaled-1-300x300.jpg 300w, https:\/\/baourouge.com\/fr\/wp-content\/uploads\/2024\/09\/Chinese_Stamp_Freepik_BaouRouge-scaled-1-1024x1024.jpg 1024w, https:\/\/baourouge.com\/fr\/wp-content\/uploads\/2024\/09\/Chinese_Stamp_Freepik_BaouRouge-scaled-1-150x150.jpg 150w, https:\/\/baourouge.com\/fr\/wp-content\/uploads\/2024\/09\/Chinese_Stamp_Freepik_BaouRouge-scaled-1-1536x1536.jpg 1536w, https:\/\/baourouge.com\/fr\/wp-content\/uploads\/2024\/09\/Chinese_Stamp_Freepik_BaouRouge-scaled-1-2048x2048.jpg 2048w, https:\/\/baourouge.com\/fr\/wp-content\/uploads\/2024\/09\/Chinese_Stamp_Freepik_BaouRouge-scaled-1-600x600.jpg 600w, https:\/\/baourouge.com\/fr\/wp-content\/uploads\/2024\/09\/Chinese_Stamp_Freepik_BaouRouge-scaled-1-100x100.jpg 100w\" data-sizes=\"(max-width: 768px) 100vw, 768px\" src=\"data:image\/svg+xml;base64,PHN2ZyB3aWR0aD0iMSIgaGVpZ2h0PSIxIiB4bWxucz0iaHR0cDovL3d3dy53My5vcmcvMjAwMC9zdmciPjwvc3ZnPg==\" style=\"--smush-placeholder-width: 768px; --smush-placeholder-aspect-ratio: 768\/768;\" \/>\t\t\t\t\t\t\t\t\t\t\t\t\t\t\t<\/div>\n\t\t\t\t<\/div>\n\t\t\t\t\t<\/div>\n\t\t<\/div>\n\t\t\t\t<div class=\"elementor-column elementor-col-66 elementor-top-column elementor-element elementor-element-342a7b2\" data-id=\"342a7b2\" data-element_type=\"column\" data-e-type=\"column\">\n\t\t\t<div class=\"elementor-widget-wrap elementor-element-populated\">\n\t\t\t\t\t\t<div class=\"elementor-element elementor-element-5c47320 elementor-widget elementor-widget-text-editor\" data-id=\"5c47320\" data-element_type=\"widget\" data-e-type=\"widget\" data-widget_type=\"text-editor.default\">\n\t\t\t\t<div class=\"elementor-widget-container\">\n\t\t\t\t\t\t\t\t\t<p><span style=\"font-weight: 400;\">Pour les anciens Chinois, <\/span> les sceaux \u00e9taient des symboles de haute fonction. D\u00e9licatement sculpt\u00e9s et hautement personnels, les sceaux de signature \u00e9taient largement utilis\u00e9s tant pour les affaires officielles que dans l&rsquo;art. Les peintures et calligraphies en particulier, \u00e9taient souvent orn\u00e9es de plusieurs sceaux au-del\u00e0 de celui du cr\u00e9ateur original, car les propri\u00e9taires prestigieux apposaient leurs cachets personnels pour indiquer que l&rsquo;\u0153uvre \u00e9tait digne de leur collection, devenant ainsi partie int\u00e9grante de l&rsquo;oeuvre-m\u00eame. Ayant v\u00e9cu plus de 20 ans en Asie, je me suis permis une petite appropriation culturelle et j&rsquo;ai imagin\u00e9 le logo BaouRouge pour qu&rsquo;il ressemble \u00e0 un sceau de mandarin, avec l&rsquo;encre rouge, neuf carr\u00e9s &#8211; un pour chaque lettre du nom BaouRouge, chacun compos\u00e9 de lignes concentriques ressemblant aux caract\u00e8res chinois traditionnels, tout en restant parfaitement lisible. Aujourd&rsquo;hui, j&rsquo;appose fi\u00e8rement ce sceau sur des produits que je trouve dignes, beaux et qui apportent de v\u00e9ritables avantages. Ce sont des produits que j&rsquo;ai con\u00e7us, ou am\u00e9lior\u00e9s \u00e0 partir d&rsquo;un design ant\u00e9rieur, les rendant absolument uniques. <span style=\"font-weight: 400;\">Je suis avant tout un utilisateur et j&rsquo;\u00e9coute ce que me disent mes clients.<\/span><\/p><p>BaouRouge est une toute petite marque mais je pense qu&rsquo;elle apporte une vraie valeur. <span style=\"font-weight: 400;\">BaouRouge soutient directement des familles, non des actionnaires. Votre patronage envoie des enfants \u00e0 l&rsquo;\u00e9cole. C&rsquo;est inestimable! Je suis tr\u00e8s reconnaissant de votre confiance.<\/span><\/p>\t\t\t\t\t\t\t\t<\/div>\n\t\t\t\t<\/div>\n\t\t\t\t\t<\/div>\n\t\t<\/div>\n\t\t\t\t\t<\/div>\n\t\t<\/section>\n\t\t\t\t<section class=\"elementor-section elementor-top-section elementor-element elementor-element-1f4b391 elementor-section-boxed elementor-section-height-default elementor-section-height-default\" data-id=\"1f4b391\" data-element_type=\"section\" data-e-type=\"section\">\n\t\t\t\t\t\t<div class=\"elementor-container elementor-column-gap-default\">\n\t\t\t\t\t<div class=\"elementor-column elementor-col-100 elementor-top-column elementor-element elementor-element-d631722\" data-id=\"d631722\" data-element_type=\"column\" data-e-type=\"column\">\n\t\t\t<div class=\"elementor-widget-wrap elementor-element-populated\">\n\t\t\t\t\t\t<div class=\"elementor-element elementor-element-7f8fd4e elementor-widget elementor-widget-text-editor\" data-id=\"7f8fd4e\" data-element_type=\"widget\" data-e-type=\"widget\" data-widget_type=\"text-editor.default\">\n\t\t\t\t<div class=\"elementor-widget-container\">\n\t\t\t\t\t\t\t\t\t<p><span style=\"font-weight: 400;\">Pierre-Andr\u00e9 Divisia &#8211; EI (Entreprise Individuelle) &#8211; R\u00e9gime micro-fiscal et social.<\/span><\/p><p><span style=\"font-weight: 400;\">Fondateur, BaouRouge.<\/span><\/p><p><span style=\"font-weight: 400;\">BaouRouge est une marque d\u00e9pos\u00e9e aupr\u00e8s de l&rsquo;Institut National de la Propri\u00e9t\u00e9 Industrielle en France (INPI # 154236505)<\/span><\/p><p><span style=\"font-weight: 400;\">France \/ UE &#8211; DIVISIA est enregistr\u00e9 aupr\u00e8s de la Chambre de Commerce et d&rsquo;Industrie de Versailles-Yvelines (SIRET 802 157 883 00017)<\/span><\/p><p><span style=\"font-weight: 400;\">Inscrit \u00e0 l&rsquo;Agence de la transition \u00e9cologique (ADEME). N\u00b0 d&rsquo;identifiant unique : 533154 : FR234525_01RVJZ<\/span><\/p>\t\t\t\t\t\t\t\t<\/div>\n\t\t\t\t<\/div>\n\t\t\t\t\t<\/div>\n\t\t<\/div>\n\t\t\t\t\t<\/div>\n\t\t<\/section>\n\t\t\t\t<section class=\"elementor-section elementor-top-section elementor-element elementor-element-d887353 elementor-section-boxed elementor-section-height-default elementor-section-height-default\" data-id=\"d887353\" data-element_type=\"section\" data-e-type=\"section\">\n\t\t\t\t\t\t<div class=\"elementor-container elementor-column-gap-default\">\n\t\t\t\t\t<div class=\"elementor-column elementor-col-100 elementor-top-column elementor-element elementor-element-2b5b367\" data-id=\"2b5b367\" data-element_type=\"column\" data-e-type=\"column\">\n\t\t\t<div class=\"elementor-widget-wrap elementor-element-populated\">\n\t\t\t\t\t\t<div class=\"elementor-element elementor-element-ce48e2d elementor-widget elementor-widget-heading\" data-id=\"ce48e2d\" data-element_type=\"widget\" data-e-type=\"widget\" data-widget_type=\"heading.default\">\n\t\t\t\t<div class=\"elementor-widget-container\">\n\t\t\t\t\t<h2 class=\"elementor-heading-title elementor-size-default\">BaouRouge et Amazon.<\/h2>\t\t\t\t<\/div>\n\t\t\t\t<\/div>\n\t\t\t\t\t<\/div>\n\t\t<\/div>\n\t\t\t\t\t<\/div>\n\t\t<\/section>\n\t\t\t\t<section class=\"elementor-section elementor-top-section elementor-element elementor-element-c8bda7b elementor-section-boxed elementor-section-height-default elementor-section-height-default\" data-id=\"c8bda7b\" data-element_type=\"section\" data-e-type=\"section\">\n\t\t\t\t\t\t<div class=\"elementor-container elementor-column-gap-default\">\n\t\t\t\t\t<div class=\"elementor-column elementor-col-100 elementor-top-column elementor-element elementor-element-9165af2\" data-id=\"9165af2\" data-element_type=\"column\" data-e-type=\"column\">\n\t\t\t<div class=\"elementor-widget-wrap elementor-element-populated\">\n\t\t\t\t\t\t<div class=\"elementor-element elementor-element-65543e7 elementor-widget elementor-widget-text-editor\" data-id=\"65543e7\" data-element_type=\"widget\" data-e-type=\"widget\" data-widget_type=\"text-editor.default\">\n\t\t\t\t<div class=\"elementor-widget-container\">\n\t\t\t\t\t\t\t\t\t<p class=\"whitespace-pre-wrap break-words\">Etabli en 2014 en tant que marque distributeur sur les boutiques Amazon, les premiers produits BaouRouge \u00e9taient \u00e0 l&rsquo;origine presque exclusivement disponibles via le g\u00e9ant du commerce en ligne. Ce catalogue s&rsquo;est d\u00e9velopp\u00e9 au fil du temps mais nombre de ces produits ne sont plus propos\u00e9s commercialement car notre collaboration avec Amazon a \u00e9t\u00e9 consid\u00e9rablement r\u00e9duite suite \u00e0 des <a href=\"https:\/\/baourouge.com\/fr\/blog-amazon\/\">abus r\u00e9p\u00e9t\u00e9s et continus.<\/a><\/p><p class=\"whitespace-pre-wrap break-words\">Les plateformes dominantes comme Amazon demeurent incontournables. On ne peut nier la facilit\u00e9 qu&rsquo;elles apportent aux clients mais le revers de cette m\u00e9daille est une relation tr\u00e8s d\u00e9s\u00e9quilibr\u00e9e avec les ind\u00e9pendants. Les entrepreneurs ne peuvent souvent pas exister sans ces plateformes mais ils y sont particuli\u00e8rement vuln\u00e9rables. Merci de soutenir les petites entreprises.<\/p>\t\t\t\t\t\t\t\t<\/div>\n\t\t\t\t<\/div>\n\t\t\t\t\t<\/div>\n\t\t<\/div>\n\t\t\t\t\t<\/div>\n\t\t<\/section>\n\t\t\t\t<\/div>\n\t\t","protected":false},"excerpt":{"rendered":"<p>A propos de BaouRouge En vieux Procencal, le Baou Rouge est une colline escarp\u00e9e, rouge des terres du sud de la France. La Provence est une r\u00e9gion de merveilles naturelles, au climat agr\u00e9able et \u00e0 la cuisine renomm\u00e9e. C&rsquo;est perch\u00e9 au sommet d&rsquo;un Baou Rouge, l\u00e0 o\u00f9 la terre et le ciel rencontrent la mer [&hellip;]<\/p>\n","protected":false},"author":262144,"featured_media":0,"parent":0,"menu_order":0,"comment_status":"closed","ping_status":"closed","template":"","meta":{"footnotes":""},"class_list":["post-20","page","type-page","status-publish","hentry"],"_links":{"self":[{"href":"https:\/\/baourouge.com\/fr\/wp-json\/wp\/v2\/pages\/20","targetHints":{"allow":["GET"]}}],"collection":[{"href":"https:\/\/baourouge.com\/fr\/wp-json\/wp\/v2\/pages"}],"about":[{"href":"https:\/\/baourouge.com\/fr\/wp-json\/wp\/v2\/types\/page"}],"author":[{"embeddable":true,"href":"https:\/\/baourouge.com\/fr\/wp-json\/wp\/v2\/users\/262144"}],"replies":[{"embeddable":true,"href":"https:\/\/baourouge.com\/fr\/wp-json\/wp\/v2\/comments?post=20"}],"version-history":[{"count":69,"href":"https:\/\/baourouge.com\/fr\/wp-json\/wp\/v2\/pages\/20\/revisions"}],"predecessor-version":[{"id":9000,"href":"https:\/\/baourouge.com\/fr\/wp-json\/wp\/v2\/pages\/20\/revisions\/9000"}],"wp:attachment":[{"href":"https:\/\/baourouge.com\/fr\/wp-json\/wp\/v2\/media?parent=20"}],"curies":[{"name":"wp","href":"https:\/\/api.w.org\/{rel}","templated":true}]}}