{"id":5131,"date":"2021-06-20T14:12:56","date_gmt":"2021-06-20T14:12:56","guid":{"rendered":"https:\/\/baourouge.com\/fr\/?page_id=5131"},"modified":"2024-11-19T09:05:55","modified_gmt":"2024-11-19T09:05:55","slug":"mentions-legales","status":"publish","type":"page","link":"https:\/\/baourouge.com\/fr\/mentions-legales\/","title":{"rendered":"Mentions l\u00e9gales"},"content":{"rendered":"\t\t<div data-elementor-type=\"wp-page\" data-elementor-id=\"5131\" class=\"elementor elementor-5131\" data-elementor-post-type=\"page\">\n\t\t\t\t\t\t<section class=\"elementor-section elementor-top-section elementor-element elementor-element-7101813 elementor-section-boxed elementor-section-height-default elementor-section-height-default\" data-id=\"7101813\" data-element_type=\"section\" data-e-type=\"section\">\n\t\t\t\t\t\t<div class=\"elementor-container elementor-column-gap-default\">\n\t\t\t\t\t<div class=\"elementor-column elementor-col-100 elementor-top-column elementor-element elementor-element-8de6740\" data-id=\"8de6740\" data-element_type=\"column\" data-e-type=\"column\">\n\t\t\t<div class=\"elementor-widget-wrap elementor-element-populated\">\n\t\t\t\t\t\t<div class=\"elementor-element elementor-element-edede62 elementor-widget elementor-widget-heading\" data-id=\"edede62\" data-element_type=\"widget\" data-e-type=\"widget\" data-widget_type=\"heading.default\">\n\t\t\t\t<div class=\"elementor-widget-container\">\n\t\t\t\t\t<h1 class=\"elementor-heading-title elementor-size-default\">Mentions l\u00e9gales<\/h1>\t\t\t\t<\/div>\n\t\t\t\t<\/div>\n\t\t\t\t\t<\/div>\n\t\t<\/div>\n\t\t\t\t\t<\/div>\n\t\t<\/section>\n\t\t\t\t<section class=\"elementor-section elementor-top-section elementor-element elementor-element-9240ca5 elementor-section-boxed elementor-section-height-default elementor-section-height-default\" data-id=\"9240ca5\" data-element_type=\"section\" data-e-type=\"section\">\n\t\t\t\t\t\t<div class=\"elementor-container elementor-column-gap-default\">\n\t\t\t\t\t<div class=\"elementor-column elementor-col-100 elementor-top-column elementor-element elementor-element-160d24d\" data-id=\"160d24d\" data-element_type=\"column\" data-e-type=\"column\">\n\t\t\t<div class=\"elementor-widget-wrap elementor-element-populated\">\n\t\t\t\t\t\t<div class=\"elementor-element elementor-element-915d802 elementor-widget elementor-widget-text-editor\" data-id=\"915d802\" data-element_type=\"widget\" data-e-type=\"widget\" data-widget_type=\"text-editor.default\">\n\t\t\t\t<div class=\"elementor-widget-container\">\n\t\t\t\t\t\t\t\t\t<p>Mise \u00e0 jour (FR):\u00a0 19 Novembre 2024<\/p><p>Editeur du Site :<\/p><p><span style=\"text-decoration: underline;\"> www.baourouge.com<\/span><\/p><p>Pierre-Andr\u00e9 Divisia (EI)<\/p><p>28 Avenue Gambetta,\u00a078400 Chatou &#8211; France<\/p><p class=\"p1\">RCS Versailles 802157883<\/p><p>Code APE :\u00a04791a<\/p><p>Num\u00e9ro de TVA intra-communautaire : FR 79802157883<\/p><p>En France, TVA non applicable (article 293b du code g\u00e9n\u00e9ral des imp\u00f4ts)<\/p><p class=\"p1\">ADEME 533154: FR234525_01RVJZ<\/p><p><span style=\"color: var( --e-global-color-text ); font-family: var( --e-global-typography-text-font-family ), Sans-serif; font-weight: var( --e-global-typography-text-font-weight ); font-size: 1rem;\">Email: padivisia(a)baourouge.com<\/span><\/p><p><span style=\"color: var( --e-global-color-text ); font-family: var( --e-global-typography-text-font-family ), Sans-serif; font-weight: var( --e-global-typography-text-font-weight ); font-size: 1rem;\">Telephone: +886922180355<\/span><\/p><p>Le Site est h\u00e9berg\u00e9 sur les serveurs Hostinger.<\/p><p><a href=\"https:\/\/baourouge.com\/fr\/wp-content\/uploads\/2024\/11\/triman_fr.webp\"><img decoding=\"async\" class=\"alignnone size-medium wp-image-8956 lazyload\" data-src=\"https:\/\/baourouge.com\/fr\/wp-content\/uploads\/2024\/11\/triman_fr-300x80.webp\" alt=\"\" width=\"300\" height=\"80\" data-srcset=\"https:\/\/baourouge.com\/fr\/wp-content\/uploads\/2024\/11\/triman_fr-300x80.webp 300w, https:\/\/baourouge.com\/fr\/wp-content\/uploads\/2024\/11\/triman_fr-1024x274.webp 1024w, https:\/\/baourouge.com\/fr\/wp-content\/uploads\/2024\/11\/triman_fr-768x205.webp 768w, https:\/\/baourouge.com\/fr\/wp-content\/uploads\/2024\/11\/triman_fr-600x161.webp 600w, https:\/\/baourouge.com\/fr\/wp-content\/uploads\/2024\/11\/triman_fr.webp 1256w\" data-sizes=\"(max-width: 300px) 100vw, 300px\" src=\"data:image\/svg+xml;base64,PHN2ZyB3aWR0aD0iMSIgaGVpZ2h0PSIxIiB4bWxucz0iaHR0cDovL3d3dy53My5vcmcvMjAwMC9zdmciPjwvc3ZnPg==\" style=\"--smush-placeholder-width: 300px; --smush-placeholder-aspect-ratio: 300\/80;\" \/><\/a><\/p><p>\u00a0<\/p>\t\t\t\t\t\t\t\t<\/div>\n\t\t\t\t<\/div>\n\t\t\t\t\t<\/div>\n\t\t<\/div>\n\t\t\t\t\t<\/div>\n\t\t<\/section>\n\t\t\t\t<\/div>\n\t\t","protected":false},"excerpt":{"rendered":"<p>Mise \u00e0 jour (FR):\u00a0 19 Novembre 2024 Editeur du Site : www.baourouge.com Pierre-Andr\u00e9 Divisia (EI) 28 Avenue Gambetta,\u00a078400 Chatou &#8211; France RCS Versailles 802157883 Code APE :\u00a04791a Num\u00e9ro de TVA intra-communautaire : FR 79802157883 En France, TVA non applicable (article 293b du code g\u00e9n\u00e9ral des imp\u00f4ts) ADEME 533154: FR234525_01RVJZ Email: padivisia(a)baourouge.com Telephone: +886922180355 Le Site [&hellip;]<\/p>\n","protected":false},"author":262200,"featured_media":0,"parent":0,"menu_order":0,"comment_status":"closed","ping_status":"closed","template":"","meta":{"footnotes":""},"class_list":["post-5131","page","type-page","status-publish","hentry"],"_links":{"self":[{"href":"https:\/\/baourouge.com\/fr\/wp-json\/wp\/v2\/pages\/5131","targetHints":{"allow":["GET"]}}],"collection":[{"href":"https:\/\/baourouge.com\/fr\/wp-json\/wp\/v2\/pages"}],"about":[{"href":"https:\/\/baourouge.com\/fr\/wp-json\/wp\/v2\/types\/page"}],"author":[{"embeddable":true,"href":"https:\/\/baourouge.com\/fr\/wp-json\/wp\/v2\/users\/262200"}],"replies":[{"embeddable":true,"href":"https:\/\/baourouge.com\/fr\/wp-json\/wp\/v2\/comments?post=5131"}],"version-history":[{"count":6,"href":"https:\/\/baourouge.com\/fr\/wp-json\/wp\/v2\/pages\/5131\/revisions"}],"predecessor-version":[{"id":8959,"href":"https:\/\/baourouge.com\/fr\/wp-json\/wp\/v2\/pages\/5131\/revisions\/8959"}],"wp:attachment":[{"href":"https:\/\/baourouge.com\/fr\/wp-json\/wp\/v2\/media?parent=5131"}],"curies":[{"name":"wp","href":"https:\/\/api.w.org\/{rel}","templated":true}]}}