{"id":6089,"date":"2022-06-20T05:35:57","date_gmt":"2022-06-20T05:35:57","guid":{"rendered":"https:\/\/baourouge.com\/fr\/?page_id=6089"},"modified":"2024-09-23T12:03:32","modified_gmt":"2024-09-23T12:03:32","slug":"blog-baourouge","status":"publish","type":"page","link":"https:\/\/baourouge.com\/fr\/blog-baourouge\/","title":{"rendered":"Blog BaouRouge"},"content":{"rendered":"\t\t<div data-elementor-type=\"wp-page\" data-elementor-id=\"6089\" class=\"elementor elementor-6089\" data-elementor-post-type=\"page\">\n\t\t\t\t\t\t<section class=\"elementor-section elementor-top-section elementor-element elementor-element-061f778 elementor-section-boxed elementor-section-height-default elementor-section-height-default\" data-id=\"061f778\" data-element_type=\"section\" data-e-type=\"section\">\n\t\t\t\t\t\t<div class=\"elementor-container elementor-column-gap-default\">\n\t\t\t\t\t<div class=\"elementor-column elementor-col-100 elementor-top-column elementor-element elementor-element-f5fe90e\" data-id=\"f5fe90e\" data-element_type=\"column\" data-e-type=\"column\">\n\t\t\t<div class=\"elementor-widget-wrap elementor-element-populated\">\n\t\t\t\t\t\t<div class=\"elementor-element elementor-element-c5f3d66 elementor-widget elementor-widget-heading\" data-id=\"c5f3d66\" data-element_type=\"widget\" data-e-type=\"widget\" data-widget_type=\"heading.default\">\n\t\t\t\t<div class=\"elementor-widget-container\">\n\t\t\t\t\t<h1 class=\"elementor-heading-title elementor-size-default\">Blog BaouRouge<\/h1>\t\t\t\t<\/div>\n\t\t\t\t<\/div>\n\t\t\t\t\t<\/div>\n\t\t<\/div>\n\t\t\t\t\t<\/div>\n\t\t<\/section>\n\t\t\t\t<section class=\"elementor-section elementor-top-section elementor-element elementor-element-df0fd2c elementor-section-boxed elementor-section-height-default elementor-section-height-default\" data-id=\"df0fd2c\" data-element_type=\"section\" data-e-type=\"section\">\n\t\t\t\t\t\t<div class=\"elementor-container elementor-column-gap-default\">\n\t\t\t\t\t<div class=\"elementor-column elementor-col-33 elementor-top-column elementor-element elementor-element-bbf1796\" data-id=\"bbf1796\" data-element_type=\"column\" data-e-type=\"column\">\n\t\t\t<div class=\"elementor-widget-wrap elementor-element-populated\">\n\t\t\t\t\t\t<div class=\"elementor-element elementor-element-56d15c3 elementor-widget elementor-widget-image\" data-id=\"56d15c3\" data-element_type=\"widget\" data-e-type=\"widget\" data-widget_type=\"image.default\">\n\t\t\t\t<div class=\"elementor-widget-container\">\n\t\t\t\t\t\t\t\t\t\t\t\t\t\t\t<img fetchpriority=\"high\" decoding=\"async\" width=\"800\" height=\"800\" src=\"https:\/\/baourouge.com\/fr\/wp-content\/uploads\/2022\/09\/BaouRouge_Lifestyle_Blog_BRAC-SKR-1024x1024.jpg\" class=\"attachment-large size-large wp-image-6858\" alt=\"\" srcset=\"https:\/\/baourouge.com\/fr\/wp-content\/uploads\/2022\/09\/BaouRouge_Lifestyle_Blog_BRAC-SKR-1024x1024.jpg 1024w, https:\/\/baourouge.com\/fr\/wp-content\/uploads\/2022\/09\/BaouRouge_Lifestyle_Blog_BRAC-SKR-300x300.jpg 300w, https:\/\/baourouge.com\/fr\/wp-content\/uploads\/2022\/09\/BaouRouge_Lifestyle_Blog_BRAC-SKR-150x150.jpg 150w, https:\/\/baourouge.com\/fr\/wp-content\/uploads\/2022\/09\/BaouRouge_Lifestyle_Blog_BRAC-SKR-768x768.jpg 768w, https:\/\/baourouge.com\/fr\/wp-content\/uploads\/2022\/09\/BaouRouge_Lifestyle_Blog_BRAC-SKR-1536x1536.jpg 1536w, https:\/\/baourouge.com\/fr\/wp-content\/uploads\/2022\/09\/BaouRouge_Lifestyle_Blog_BRAC-SKR-600x600.jpg 600w, https:\/\/baourouge.com\/fr\/wp-content\/uploads\/2022\/09\/BaouRouge_Lifestyle_Blog_BRAC-SKR-100x100.jpg 100w, https:\/\/baourouge.com\/fr\/wp-content\/uploads\/2022\/09\/BaouRouge_Lifestyle_Blog_BRAC-SKR.jpg 2000w\" sizes=\"(max-width: 800px) 100vw, 800px\" \/>\t\t\t\t\t\t\t\t\t\t\t\t\t\t\t<\/div>\n\t\t\t\t<\/div>\n\t\t\t\t\t<\/div>\n\t\t<\/div>\n\t\t\t\t<div class=\"elementor-column elementor-col-66 elementor-top-column elementor-element elementor-element-ffbc8bd\" data-id=\"ffbc8bd\" data-element_type=\"column\" data-e-type=\"column\">\n\t\t\t<div class=\"elementor-widget-wrap elementor-element-populated\">\n\t\t\t\t\t\t<div class=\"elementor-element elementor-element-20cf962 elementor-widget elementor-widget-text-editor\" data-id=\"20cf962\" data-element_type=\"widget\" data-e-type=\"widget\" data-widget_type=\"text-editor.default\">\n\t\t\t\t<div class=\"elementor-widget-container\">\n\t\t\t\t\t\t\t\t\t<div class=\"flex-1 flex flex-col gap-3 px-4 max-w-3xl mx-auto w-full pt-1\"><div data-test-render-count=\"1\"><div><div class=\"group relative pt-3.5 pb-[1.125rem] px-4 relative rounded-2xl -tracking-[0.015em] bg-[linear-gradient(to_bottom,_hsla(var(--bg-000)\/0.75)_0%,_hsla(var(--bg-000)_\/_0)_90%)] before:absolute before:inset-0 before:bg-[radial-gradient(ellipse_at_left_top,_hsla(var(--bg-000)\/0.5)_0%,_hsla(var(--bg-000)\/0.3)_60%)] before:rounded-2xl before:border-[0.5px] before:border-[hsla(var(--border-100)\/0.15)] before:shadow-[0_4px_24px_rgba(0,0,0,0.015)] before:[transition:opacity_150ms_ease-out,_transform_250ms_cubic-bezier(0.695,0.555,0.655,1.650)] before:z-0 before:data-[is-streaming=&quot;true&quot;]:opacity-0 before:data-[is-streaming=&quot;true&quot;]:scale-[0.995] before:data-[is-streaming=&quot;false&quot;]:pointer-events-none\" data-is-streaming=\"false\"><div class=\"font-claude-message pr-4 md:pr-9 relative leading-[1.65rem] [&amp;_pre&gt;div]:bg-bg-300 [&amp;_pre]:-mr-4 md:[&amp;_pre]:-mr-9\"><div><div class=\"grid-col-1 grid gap-2.5 [&amp;_&gt;_*]:min-w-0\"><p class=\"whitespace-pre-wrap break-words\">Bienvenue dans un espace moins formel o\u00f9 se centralise\u00a0 conseils et cas pratiques autour des divers produits BaouRouge. C&rsquo;est aussi un espace d&rsquo;\u00e9change. N&rsquo;h\u00e9sitez pas \u00e0 commenter et \u00e0 poser toutes vos questions! Ce blog est en d\u00e9veloppement continu et va s&rsquo;\u00e9toffer. Revenez de temps en temps pour consulter les mises \u00e0 jour. Dans la cat\u00e9gorie Couteau de pr\u00e9cision, j&rsquo;aimerais commencer par me concentrer sur <a href=\"https:\/\/baourouge.com\/fr\/entretien-du-guide-de-coupe-en-aluminium\/\">le guide en aluminium pour discuter des soins n\u00e9cessaires \u00e0 son maintien<\/a>.<\/p><p class=\"whitespace-pre-wrap break-words\">Un autre article que je trouve digne d&rsquo;int\u00e9r\u00eat explique comment <a href=\"https:\/\/baourouge.com\/fr\/trancheuse-manuelle\/\">transformer le couteau en mandoline<\/a>: il suffit de retourner votre couteau ! Plus qu&rsquo;une simple astuce, c&rsquo;est une fa\u00e7on alternative d&rsquo;utiliser votre couteau BaouRouge et c&rsquo;est tout \u00e0 fait pratique pour des coupes rapides de fruits et l\u00e9gumes. C&rsquo;est une question d&rsquo;habitude et de pr\u00e9f\u00e9rence personnelle, alors n&rsquo;h\u00e9sitez pas \u00e0 essayer de trancher des deux fa\u00e7ons. Juste un rappel de s\u00e9curit\u00e9 : proc\u00e9dez toujours avec une extr\u00eame prudence lorsque vous manipulez un outil tranchant!<\/p><\/div><\/div><\/div><\/div><\/div><\/div><\/div>\t\t\t\t\t\t\t\t<\/div>\n\t\t\t\t<\/div>\n\t\t\t\t\t<\/div>\n\t\t<\/div>\n\t\t\t\t\t<\/div>\n\t\t<\/section>\n\t\t\t\t<section class=\"elementor-section elementor-top-section elementor-element elementor-element-4461cd2 elementor-section-boxed elementor-section-height-default elementor-section-height-default\" data-id=\"4461cd2\" data-element_type=\"section\" data-e-type=\"section\">\n\t\t\t\t\t\t<div class=\"elementor-container elementor-column-gap-default\">\n\t\t\t\t\t<div class=\"elementor-column elementor-col-100 elementor-top-column elementor-element elementor-element-8e608aa\" data-id=\"8e608aa\" data-element_type=\"column\" data-e-type=\"column\">\n\t\t\t<div class=\"elementor-widget-wrap elementor-element-populated\">\n\t\t\t\t\t\t<div class=\"elementor-element elementor-element-700ca3d elementor-widget elementor-widget-text-editor\" data-id=\"700ca3d\" data-element_type=\"widget\" data-e-type=\"widget\" data-widget_type=\"text-editor.default\">\n\t\t\t\t<div class=\"elementor-widget-container\">\n\t\t\t\t\t\t\t\t\t<p class=\"whitespace-pre-wrap break-words\"><a href=\"https:\/\/baourouge.com\/fr\/couteau-pour-malvoyant\/\">Un couteau pour les aveugles et malvoyants<\/a> ? Parmi les id\u00e9es re\u00e7ues concernant le handicap est qu&rsquo;une personne malvoyante est limit\u00e9e dans l&rsquo;accomplissement des t\u00e2ches qu&rsquo;une personne valide va faire tr\u00e8s naturellement. Le couteau BaouRouge est une aide v\u00e9ritable pour les personnes ayant une d\u00e9ficience visuelle. Cette aide est d&rsquo;ailleurs universelle, il en sera de m\u00eame pour toute personne travaillant en cuisine!<\/p><p class=\"whitespace-pre-wrap break-words\">Comment d\u00e9montrer au-del\u00e0 des mots l&rsquo;\u00e9quilibre de notre trancheur? Ou montrer ce que signifie r\u00e9ellement un guide de coupe rigide? Comment expliquer ce qu&rsquo;est une lame en acier enrichi au carbone pour la rendre dure et solide? On peut accrocher un poids de 5 kg et <a href=\"https:\/\/baourouge.com\/fr\/equilibre\/\"><strong>voir le r\u00e9sultat<\/strong><\/a>! Avoir un ensemble rigide qui tiendra m\u00eame sous une contrainte extr\u00eame est la meilleure d\u00e9monstration que nous puissions offrir de la rigidit\u00e9 du Couteau \u00e0 Trancher de Pr\u00e9cision BaouRouge.<\/p>\t\t\t\t\t\t\t\t<\/div>\n\t\t\t\t<\/div>\n\t\t\t\t\t<\/div>\n\t\t<\/div>\n\t\t\t\t\t<\/div>\n\t\t<\/section>\n\t\t\t\t<\/div>\n\t\t","protected":false},"excerpt":{"rendered":"<p>Bienvenue dans un espace moins formel o\u00f9 se centralise\u00a0 conseils et cas pratiques autour des divers produits BaouRouge. C&rsquo;est aussi un espace d&rsquo;\u00e9change. N&rsquo;h\u00e9sitez pas \u00e0 commenter et \u00e0 poser toutes vos questions! Ce blog est en d\u00e9veloppement continu et va s&rsquo;\u00e9toffer. Revenez de temps en temps pour consulter les mises \u00e0 jour. Dans la [&hellip;]<\/p>\n","protected":false},"author":262200,"featured_media":0,"parent":0,"menu_order":0,"comment_status":"closed","ping_status":"closed","template":"","meta":{"footnotes":""},"class_list":["post-6089","page","type-page","status-publish","hentry"],"_links":{"self":[{"href":"https:\/\/baourouge.com\/fr\/wp-json\/wp\/v2\/pages\/6089","targetHints":{"allow":["GET"]}}],"collection":[{"href":"https:\/\/baourouge.com\/fr\/wp-json\/wp\/v2\/pages"}],"about":[{"href":"https:\/\/baourouge.com\/fr\/wp-json\/wp\/v2\/types\/page"}],"author":[{"embeddable":true,"href":"https:\/\/baourouge.com\/fr\/wp-json\/wp\/v2\/users\/262200"}],"replies":[{"embeddable":true,"href":"https:\/\/baourouge.com\/fr\/wp-json\/wp\/v2\/comments?post=6089"}],"version-history":[{"count":15,"href":"https:\/\/baourouge.com\/fr\/wp-json\/wp\/v2\/pages\/6089\/revisions"}],"predecessor-version":[{"id":8758,"href":"https:\/\/baourouge.com\/fr\/wp-json\/wp\/v2\/pages\/6089\/revisions\/8758"}],"wp:attachment":[{"href":"https:\/\/baourouge.com\/fr\/wp-json\/wp\/v2\/media?parent=6089"}],"curies":[{"name":"wp","href":"https:\/\/api.w.org\/{rel}","templated":true}]}}