{"id":6842,"date":"2022-09-06T09:08:11","date_gmt":"2022-09-06T09:08:11","guid":{"rendered":"https:\/\/baourouge.com\/fr\/?page_id=6842"},"modified":"2022-11-18T11:50:51","modified_gmt":"2022-11-18T11:50:51","slug":"blog-amazon","status":"publish","type":"page","link":"https:\/\/baourouge.com\/fr\/blog-amazon\/","title":{"rendered":"Blog Amazon"},"content":{"rendered":"\t\t<div data-elementor-type=\"wp-page\" data-elementor-id=\"6842\" class=\"elementor elementor-6842\" data-elementor-post-type=\"page\">\n\t\t\t\t\t\t<section class=\"elementor-section elementor-top-section elementor-element elementor-element-446ffd6 elementor-section-boxed elementor-section-height-default elementor-section-height-default\" data-id=\"446ffd6\" data-element_type=\"section\" data-e-type=\"section\">\n\t\t\t\t\t\t<div class=\"elementor-container elementor-column-gap-default\">\n\t\t\t\t\t<div class=\"elementor-column elementor-col-100 elementor-top-column elementor-element elementor-element-edf2eb0\" data-id=\"edf2eb0\" data-element_type=\"column\" data-e-type=\"column\">\n\t\t\t<div class=\"elementor-widget-wrap elementor-element-populated\">\n\t\t\t\t\t\t<div class=\"elementor-element elementor-element-569de7e elementor-widget elementor-widget-heading\" data-id=\"569de7e\" data-element_type=\"widget\" data-e-type=\"widget\" data-widget_type=\"heading.default\">\n\t\t\t\t<div class=\"elementor-widget-container\">\n\t\t\t\t\t<h1 class=\"elementor-heading-title elementor-size-default\">Blog Amazon<\/h1>\t\t\t\t<\/div>\n\t\t\t\t<\/div>\n\t\t\t\t\t<\/div>\n\t\t<\/div>\n\t\t\t\t\t<\/div>\n\t\t<\/section>\n\t\t\t\t<section class=\"elementor-section elementor-top-section elementor-element elementor-element-78f96bc elementor-section-boxed elementor-section-height-default elementor-section-height-default\" data-id=\"78f96bc\" data-element_type=\"section\" data-e-type=\"section\">\n\t\t\t\t\t\t<div class=\"elementor-container elementor-column-gap-default\">\n\t\t\t\t\t<div class=\"elementor-column elementor-col-33 elementor-top-column elementor-element elementor-element-715a963\" data-id=\"715a963\" data-element_type=\"column\" data-e-type=\"column\">\n\t\t\t<div class=\"elementor-widget-wrap elementor-element-populated\">\n\t\t\t\t\t\t<div class=\"elementor-element elementor-element-2b5514e elementor-widget elementor-widget-image\" data-id=\"2b5514e\" data-element_type=\"widget\" data-e-type=\"widget\" data-widget_type=\"image.default\">\n\t\t\t\t<div class=\"elementor-widget-container\">\n\t\t\t\t\t\t\t\t\t\t\t\t\t\t\t<img fetchpriority=\"high\" decoding=\"async\" width=\"800\" height=\"800\" src=\"https:\/\/baourouge.com\/fr\/wp-content\/uploads\/2022\/09\/Amazon_Carton_Burning-1024x1024.jpg\" class=\"attachment-large size-large wp-image-6857\" alt=\"\" srcset=\"https:\/\/baourouge.com\/fr\/wp-content\/uploads\/2022\/09\/Amazon_Carton_Burning-1024x1024.jpg 1024w, https:\/\/baourouge.com\/fr\/wp-content\/uploads\/2022\/09\/Amazon_Carton_Burning-300x300.jpg 300w, https:\/\/baourouge.com\/fr\/wp-content\/uploads\/2022\/09\/Amazon_Carton_Burning-150x150.jpg 150w, https:\/\/baourouge.com\/fr\/wp-content\/uploads\/2022\/09\/Amazon_Carton_Burning-768x768.jpg 768w, https:\/\/baourouge.com\/fr\/wp-content\/uploads\/2022\/09\/Amazon_Carton_Burning-1536x1536.jpg 1536w, https:\/\/baourouge.com\/fr\/wp-content\/uploads\/2022\/09\/Amazon_Carton_Burning-600x600.jpg 600w, https:\/\/baourouge.com\/fr\/wp-content\/uploads\/2022\/09\/Amazon_Carton_Burning-100x100.jpg 100w, https:\/\/baourouge.com\/fr\/wp-content\/uploads\/2022\/09\/Amazon_Carton_Burning.jpg 2000w\" sizes=\"(max-width: 800px) 100vw, 800px\" \/>\t\t\t\t\t\t\t\t\t\t\t\t\t\t\t<\/div>\n\t\t\t\t<\/div>\n\t\t\t\t\t<\/div>\n\t\t<\/div>\n\t\t\t\t<div class=\"elementor-column elementor-col-66 elementor-top-column elementor-element elementor-element-f553c89\" data-id=\"f553c89\" data-element_type=\"column\" data-e-type=\"column\">\n\t\t\t<div class=\"elementor-widget-wrap elementor-element-populated\">\n\t\t\t\t\t\t<div class=\"elementor-element elementor-element-fc1a021 elementor-widget elementor-widget-text-editor\" data-id=\"fc1a021\" data-element_type=\"widget\" data-e-type=\"widget\" data-widget_type=\"text-editor.default\">\n\t\t\t\t<div class=\"elementor-widget-container\">\n\t\t\t\t\t\t\t\t\t<p>Les pages de ce blog visent \u00e0 partager mon exp\u00e9rience de vendeur professionnel sur Amazon afin de d\u00e9noncer les m\u00e9thodes les plus abusives de cette compagnie. Elle s\u2019adressent en premier lieu aux partenaires de leur plate-forme qui pourront y reconna\u00eetre des situations et des fa\u00e7ons de faire regrettablement famili\u00e8res, et proposer ainsi plus d\u2019\u00e9l\u00e9ments quant aux cas auxquels ils peuvent faire face &#8211; en esp\u00e9rant que cette connaissance pourra les aider \u00e0 mieux appr\u00e9hender les difficult\u00e9s qu&rsquo;ils rencontrent. Elles s\u2019adressent par ailleurs \u00e0 quiconque souhaite s\u2019informer de certains des abus dont l&rsquo;entreprise est r\u00e9guli\u00e8rement accus\u00e9e, et de comprendre comment Amazon se joue du droit et de la justice pour attaquer sans scrupule ceux qui lui demandent des comptes. Certes, c\u2019est le pot de fer contre le pot de terre, mais ne pas t\u00e9moigner pour d\u00e9noncer ces actes, c\u2019est garantir qu\u2019ils continuent.<\/p><p>Ce blog est ouvert aux commentaires publics et autant que possible, je r\u00e9pondrai \u00e9galement en priv\u00e9<span style=\"color: var( --e-global-color-text ); font-family: var( --e-global-typography-text-font-family ), Sans-serif; font-weight: var( --e-global-typography-text-font-weight ); font-size: 1rem;\">\u00a0<\/span><span style=\"color: var( --e-global-color-text ); font-family: var( --e-global-typography-text-font-family ), Sans-serif; font-weight: var( --e-global-typography-text-font-weight ); font-size: 1rem;\">\u00e0 ceux qui m&rsquo;en feront la demande.<\/span><\/p><p><span style=\"color: var( --e-global-color-text ); font-family: var( --e-global-typography-text-font-family ), Sans-serif; font-weight: var( --e-global-typography-text-font-weight ); font-size: 1rem;\">Un <a href=\"https:\/\/baourouge.com\/fr\/blog-baourouge\/\">diff\u00e9rent blog<\/a> existe pour discuter et \u00e9changer sur les produits BaouRouge.<\/span><\/p>\t\t\t\t\t\t\t\t<\/div>\n\t\t\t\t<\/div>\n\t\t\t\t\t<\/div>\n\t\t<\/div>\n\t\t\t\t\t<\/div>\n\t\t<\/section>\n\t\t\t\t<section class=\"elementor-section elementor-top-section elementor-element elementor-element-3f82fe2 elementor-section-boxed elementor-section-height-default elementor-section-height-default\" data-id=\"3f82fe2\" data-element_type=\"section\" data-e-type=\"section\">\n\t\t\t\t\t\t<div class=\"elementor-container elementor-column-gap-default\">\n\t\t\t\t\t<div class=\"elementor-column elementor-col-33 elementor-top-column elementor-element elementor-element-6560483\" data-id=\"6560483\" data-element_type=\"column\" data-e-type=\"column\">\n\t\t\t<div class=\"elementor-widget-wrap elementor-element-populated\">\n\t\t\t\t\t\t<div class=\"elementor-element elementor-element-42e9a0c elementor-widget elementor-widget-image\" data-id=\"42e9a0c\" data-element_type=\"widget\" data-e-type=\"widget\" data-widget_type=\"image.default\">\n\t\t\t\t<div class=\"elementor-widget-container\">\n\t\t\t\t\t\t\t\t\t\t\t\t\t\t\t<img decoding=\"async\" width=\"478\" height=\"250\" data-src=\"https:\/\/baourouge.com\/fr\/wp-content\/uploads\/2021\/05\/Amazon-.png\" class=\"attachment-large size-large wp-image-1663 lazyload\" alt=\"\" data-srcset=\"https:\/\/baourouge.com\/fr\/wp-content\/uploads\/2021\/05\/Amazon-.png 478w, https:\/\/baourouge.com\/fr\/wp-content\/uploads\/2021\/05\/Amazon--300x157.png 300w\" data-sizes=\"(max-width: 478px) 100vw, 478px\" src=\"data:image\/svg+xml;base64,PHN2ZyB3aWR0aD0iMSIgaGVpZ2h0PSIxIiB4bWxucz0iaHR0cDovL3d3dy53My5vcmcvMjAwMC9zdmciPjwvc3ZnPg==\" style=\"--smush-placeholder-width: 478px; --smush-placeholder-aspect-ratio: 478\/250;\" \/>\t\t\t\t\t\t\t\t\t\t\t\t\t\t\t<\/div>\n\t\t\t\t<\/div>\n\t\t\t\t\t<\/div>\n\t\t<\/div>\n\t\t\t\t<div class=\"elementor-column elementor-col-66 elementor-top-column elementor-element elementor-element-d626bb1\" data-id=\"d626bb1\" data-element_type=\"column\" data-e-type=\"column\">\n\t\t\t<div class=\"elementor-widget-wrap elementor-element-populated\">\n\t\t\t\t\t\t<div class=\"elementor-element elementor-element-176be12 elementor-widget elementor-widget-text-editor\" data-id=\"176be12\" data-element_type=\"widget\" data-e-type=\"widget\" data-widget_type=\"text-editor.default\">\n\t\t\t\t<div class=\"elementor-widget-container\">\n\t\t\t\t\t\t\t\t\t<h2>Amazon: une compagnie brutale et sans scrupule<\/h2>\t\t\t\t\t\t\t\t<\/div>\n\t\t\t\t<\/div>\n\t\t\t\t\t<\/div>\n\t\t<\/div>\n\t\t\t\t\t<\/div>\n\t\t<\/section>\n\t\t\t\t<section class=\"elementor-section elementor-top-section elementor-element elementor-element-ac16c3b elementor-section-boxed elementor-section-height-default elementor-section-height-default\" data-id=\"ac16c3b\" data-element_type=\"section\" data-e-type=\"section\">\n\t\t\t\t\t\t<div class=\"elementor-container elementor-column-gap-default\">\n\t\t\t\t\t<div class=\"elementor-column elementor-col-100 elementor-top-column elementor-element elementor-element-f378ee3\" data-id=\"f378ee3\" data-element_type=\"column\" data-e-type=\"column\">\n\t\t\t<div class=\"elementor-widget-wrap elementor-element-populated\">\n\t\t\t\t\t\t<div class=\"elementor-element elementor-element-b0ef256 elementor-widget elementor-widget-text-editor\" data-id=\"b0ef256\" data-element_type=\"widget\" data-e-type=\"widget\" data-widget_type=\"text-editor.default\">\n\t\t\t\t<div class=\"elementor-widget-container\">\n\t\t\t\t\t\t\t\t\t<p>Une illustration de la relation entre Amazon et ses vendeurs ressemble \u00e0 celle du crocodile et du pluvier. En th\u00e9orie, parfaitement symbiotique, le pluvier est souvent pr\u00e9sent\u00e9 comme le grand ami du crocodile. V\u00e9ritable partenaire, l&rsquo;oiseau se nourrit directement depuis la gueule du reptile et trouve ainsi ais\u00e9ment de quoi manger.\u00a0<\/p><p>Cela peut se passer \u00e0 peu-pr\u00e8s correctement, et le b\u00e9n\u00e9fice mutuel peut sembler exister&#8230; jusqu\u2019\u00e0 ce que le crocodile ne referme brutalement la m\u00e2choire!<\/p><p>Ce blog est d\u2019abord \u00e9crit en Anglais, mais je m\u2019attache \u00e0 le traduire peu \u00e0 peu pour les francophones. BaouRouge a commenc\u00e9 son activit\u00e9 sur Amazon, jusqu\u2019\u00e0 ce qu&rsquo;il y laisse des plumes! Afin de permettre \u00e0 d\u2019autres d\u2019\u00e9viter un sort similaire, ce blog a pour objet de d\u00e9crire qui est v\u00e9ritablement Amazon, et comment il traite ses vendeurs. Parce que l&rsquo;animal a bien compris qu\u2019il ne lui co\u00fbte rien de croquer du pluvier quand l\u2019envie lui en prends, et en profite pleinement.<\/p><p>En fait de b\u00e9n\u00e9fice mutuel, il y a Amazon. Ses partenaires n&rsquo;ont aucun droit ni aucun recours et l&rsquo;entreprise ne se prive nullement pour brutaliser ses vendeurs comme ses employ\u00e9s. Quant \u00e0 la Justice&#8230; que dire. Cela fait d\u00e9j\u00e0 plus de 6 ans que mon combat continue. Amazon me poursuit de sa vindicte mais les faits sont tenaces et leurs mensonges et manipulations n&rsquo;auront pas raison de ma d\u00e9termination! Depuis Juin 2022, mon affaire est suspendue ind\u00e9finiment par d\u00e9cision de la cour du Luxembourg. Le d\u00e9tail en est int\u00e9gralement publi\u00e9 dans ce blog, parmi bien d&rsquo;autres exemples de leur <em>modus operandi<\/em>.<\/p><p>Mon histoire a aussi d\u00e9j\u00e0 fait l&rsquo;objet de diverses\u00a0<a href=\"https:\/\/www.marianne.net\/economie\/consommation\/justice-comment-amazon-reduit-ses-petits-vendeurs-au-silence\">publications de presse<\/a>:<\/p><p>D&rsquo;autres liens se trouvent dans ces pages.<\/p><p>Bonne lecture.<\/p>\t\t\t\t\t\t\t\t<\/div>\n\t\t\t\t<\/div>\n\t\t\t\t\t<\/div>\n\t\t<\/div>\n\t\t\t\t\t<\/div>\n\t\t<\/section>\n\t\t\t\t<section class=\"elementor-section elementor-top-section elementor-element elementor-element-11d82cb elementor-section-boxed elementor-section-height-default elementor-section-height-default\" data-id=\"11d82cb\" data-element_type=\"section\" data-e-type=\"section\">\n\t\t\t\t\t\t<div class=\"elementor-container elementor-column-gap-default\">\n\t\t\t\t\t<div class=\"elementor-column elementor-col-100 elementor-top-column elementor-element elementor-element-537a3c1\" data-id=\"537a3c1\" data-element_type=\"column\" data-e-type=\"column\">\n\t\t\t<div class=\"elementor-widget-wrap elementor-element-populated\">\n\t\t\t\t\t\t<div class=\"elementor-element elementor-element-2b94300 elementor-widget elementor-widget-image\" data-id=\"2b94300\" data-element_type=\"widget\" data-e-type=\"widget\" data-widget_type=\"image.default\">\n\t\t\t\t<div class=\"elementor-widget-container\">\n\t\t\t\t\t\t\t\t\t\t\t\t\t\t\t<img decoding=\"async\" width=\"292\" height=\"173\" data-src=\"https:\/\/baourouge.com\/fr\/wp-content\/uploads\/2022\/09\/Croc.jpg\" class=\"attachment-large size-large wp-image-6715 lazyload\" alt=\"\" src=\"data:image\/svg+xml;base64,PHN2ZyB3aWR0aD0iMSIgaGVpZ2h0PSIxIiB4bWxucz0iaHR0cDovL3d3dy53My5vcmcvMjAwMC9zdmciPjwvc3ZnPg==\" style=\"--smush-placeholder-width: 292px; --smush-placeholder-aspect-ratio: 292\/173;\" \/>\t\t\t\t\t\t\t\t\t\t\t\t\t\t\t<\/div>\n\t\t\t\t<\/div>\n\t\t\t\t\t<\/div>\n\t\t<\/div>\n\t\t\t\t\t<\/div>\n\t\t<\/section>\n\t\t\t\t<section class=\"elementor-section elementor-top-section elementor-element elementor-element-9fc8527 elementor-section-boxed elementor-section-height-default elementor-section-height-default\" data-id=\"9fc8527\" data-element_type=\"section\" data-e-type=\"section\">\n\t\t\t\t\t\t<div class=\"elementor-container elementor-column-gap-default\">\n\t\t\t\t\t<div class=\"elementor-column elementor-col-100 elementor-top-column elementor-element elementor-element-395af8c\" data-id=\"395af8c\" data-element_type=\"column\" data-e-type=\"column\">\n\t\t\t<div class=\"elementor-widget-wrap elementor-element-populated\">\n\t\t\t\t\t\t<div class=\"elementor-element elementor-element-a1fb3e9 elementor-widget elementor-widget-text-editor\" data-id=\"a1fb3e9\" data-element_type=\"widget\" data-e-type=\"widget\" data-widget_type=\"text-editor.default\">\n\t\t\t\t<div class=\"elementor-widget-container\">\n\t\t\t\t\t\t\t\t\t<p><span style=\"font-weight: 400;\">Ce blog traite des actions d&rsquo;une entreprise comptant des millions de vendeurs \u00e0 travers le monde, connue pour \u00eatre particuli\u00e8rement abusive avec ses fournisseurs comme ses employ\u00e9s. Maintenant, il y a savoir et \u201csavoir\u201d. Je \u201csais\u201d, par exp\u00e9rience personnelle, non parce que la r\u00e9putation de l\u2019entreprise m\u2019est connue.\u00a0 J\u2019estime donc que ma responsabilit\u00e9 est de partager ce que j&rsquo;ai appris pendant mes ann\u00e9es en tant que vendeur Amazon et ainsi de t\u00e9moigner de leurs m\u00e9thodes. Je suis convaincu que cela sera utile \u00e0 quelqu&rsquo;un qui lutte et \u00e0 tout le moins, cela pourra toujours apporter plus d\u2019explications au public.<\/span><\/p><p><span style=\"font-weight: 400;\">Si je recommande de commencer par le d\u00e9but \u2013<\/span><a href=\"https:\/\/baourouge.com\/fr\/vendre-sur-amazon\/\">Vendre sur Amazon<\/a>, <span style=\"font-weight: 400;\">et de lire au fur et \u00e0 mesure \u00e0 partir de l\u00e0, vous pouvez s\u00e9lectionner des sujets sp\u00e9cifiques comme suit :<\/span><\/p><p><a href=\"https:\/\/baourouge.com\/fr\/vendre-sur-amazon\/\">Vendre sur Amazon<\/a> &#8211; <span style=\"font-weight: 400;\">comprendre pourquoi l\u2019interface unique des vendeurs tiers, le service support de SellerCentral, semble la plupart du temps incomp\u00e9tent et inutile.<\/span><\/p><p><a href=\"https:\/\/baourouge.com\/fr\/amazon-entente-anticoncurrentielle\/\">L&rsquo;histoire d&rsquo;une pr\u00e9tendue incomp\u00e9tence<\/a> &#8211; u<span style=\"font-weight: 400;\">n moyen bien commode de s\u2019approprier un march\u00e9 porteur en \u00e9liminant les vendeurs qui l\u2019ont d\u00e9velopp\u00e9.<\/span><\/p><p><a href=\"https:\/\/baourouge.com\/fr\/amazon-allemagne\/\">Amazon GmbH (Allemagne)<\/a> &#8211;<span style=\"font-weight: 400;\">marchandises perdues ? Nier tout est une strat\u00e9gie gagnante.<\/span><\/p><p><a href=\"https:\/\/baourouge.com\/fr\/amazon-se-sert\/\">T&rsquo;inqui\u00e8tes, je me sers tout seul.<\/a> <span style=\"font-weight: 400;\">Faire comprendre au vendeur qu&rsquo;il ferait mieux de ne pas la ramener &#8211; Pr\u00e9tendre des erreurs et en profiter pour se servir de plus de 10 000 Euros sur son compte bancaire (et ne pas le rembourser pendant des mois).<\/span><\/p><p><a href=\"https:\/\/baourouge.com\/fr\/amazon-au-tribunal\/\">Se moquer de la justice.<\/a>&#8211; j<span style=\"font-weight: 400;\">ouer la loi parce que vous pouvez vous le permettre (et que le vendeur ne le peut pas). Une histoire de m\u00e9pris absolu de la v\u00e9rit\u00e9. Sachez ce que cela vous co\u00fbtera !<\/span><\/p><p><a href=\"https:\/\/baourouge.com\/fr\/amazon-suite\/\">Ne rien l\u00e2cher,<\/a>\u00a0&#8211; <span style=\"font-weight: 400;\">toutes les nouveaut\u00e9s \u00e0 partir de 2022. Je ferai de mon mieux pour publier en temps opportun ce qui est pertinent (et tout ce qui est important) qui me parviendra d&rsquo;Amazon ou de la Cour. De nouveau, je suis \u00e0 peu pr\u00e8s certain que cette information sera importante pour quelqu&rsquo;un dans une situation similaire \u00e0 la mienne. Si ce blog n&rsquo;aide qu&rsquo;un seul lecteur, cela en vaudra la peine. N&rsquo;h\u00e9sitez pas \u00e0 commenter dans ces pages.<\/span><\/p>\t\t\t\t\t\t\t\t<\/div>\n\t\t\t\t<\/div>\n\t\t\t\t\t<\/div>\n\t\t<\/div>\n\t\t\t\t\t<\/div>\n\t\t<\/section>\n\t\t\t\t<\/div>\n\t\t","protected":false},"excerpt":{"rendered":"<p>Blog Amazon Les pages de ce blog visent \u00e0 partager mon exp\u00e9rience de vendeur professionnel sur Amazon afin de d\u00e9noncer les m\u00e9thodes les plus abusives de cette compagnie. Elle s\u2019adressent en premier lieu aux partenaires de leur plate-forme qui pourront y reconna\u00eetre des situations et des fa\u00e7ons de faire regrettablement famili\u00e8res, et proposer ainsi plus [&hellip;]<\/p>\n","protected":false},"author":262200,"featured_media":0,"parent":0,"menu_order":0,"comment_status":"closed","ping_status":"closed","template":"","meta":{"footnotes":""},"class_list":["post-6842","page","type-page","status-publish","hentry"],"_links":{"self":[{"href":"https:\/\/baourouge.com\/fr\/wp-json\/wp\/v2\/pages\/6842","targetHints":{"allow":["GET"]}}],"collection":[{"href":"https:\/\/baourouge.com\/fr\/wp-json\/wp\/v2\/pages"}],"about":[{"href":"https:\/\/baourouge.com\/fr\/wp-json\/wp\/v2\/types\/page"}],"author":[{"embeddable":true,"href":"https:\/\/baourouge.com\/fr\/wp-json\/wp\/v2\/users\/262200"}],"replies":[{"embeddable":true,"href":"https:\/\/baourouge.com\/fr\/wp-json\/wp\/v2\/comments?post=6842"}],"version-history":[{"count":0,"href":"https:\/\/baourouge.com\/fr\/wp-json\/wp\/v2\/pages\/6842\/revisions"}],"wp:attachment":[{"href":"https:\/\/baourouge.com\/fr\/wp-json\/wp\/v2\/media?parent=6842"}],"curies":[{"name":"wp","href":"https:\/\/api.w.org\/{rel}","templated":true}]}}