{"id":138,"date":"2021-04-13T03:28:43","date_gmt":"2021-04-13T03:28:43","guid":{"rendered":"https:\/\/baourouge.com\/fr\/?post_type=product&#038;p=138"},"modified":"2024-09-18T09:16:40","modified_gmt":"2024-09-18T09:16:40","slug":"achat-couteau-precision","status":"publish","type":"product","link":"https:\/\/baourouge.com\/fr\/boutique\/achat-couteau-precision\/","title":{"rendered":"Couteau \u00e0 trancher de pr\u00e9cision BaouRouge"},"content":{"rendered":"<p>Le v\u00e9ritable couteau-guide! Couteau \u00e0 trancher de pr\u00e9cision BaouRouge pour droitier. 3e g\u00e9n\u00e9ration. Principales diff\u00e9rences avec la version pr\u00e9c\u00e9dente : nouvelle lame en acier inoxydable ultra-rigide 5Cr17, vis hexagonale de conception antid\u00e9rapante pour une manipulation plus facile et plus s\u00fbre &#8211; en particulier avec des mains mouill\u00e9es et un ajustement des rails garantissant un maintien absolu du guide de coupe en aluminium, m\u00eame sous de fortes contraintes de force.<\/p>\n<ul>\n<li>Convient \u00e0 la plupart des types d&rsquo;aliments, y compris les viandes cuites ou s\u00e9ch\u00e9es, les jambons, le salami et le saucisson, toutes sortes de pains, toasts ou brioches, le fromage, les fruits, les l\u00e9gumes et bien plus encore.<\/li>\n<li>Am\u00e9liore l&rsquo;attrait visuel et la pr\u00e9sentation g\u00e9n\u00e9rale des portions par une \u00e9paisseur pr\u00e9cise et l&rsquo;uniformit\u00e9 des aliments tranch\u00e9s.<\/li>\n<li>Permet aux cuisiniers (exp\u00e9riment\u00e9s comme novices) de s\u2019assurer de l&rsquo;exacte \u00e9paisseur des portions participe en outre \u00e0 un meilleur contr\u00f4le des co\u00fbts.<\/li>\n<li>Plus de tranches d\u00e9pareill\u00e9es. De beaux plats et une ma\u00eetrise des pr\u00e9sentations sans devoir investir dans une trancheuse circulaire ou une guillotine.<\/li>\n<\/ul>\n","protected":false},"excerpt":{"rendered":"<p><b>Couteau de cuisine \u00e0 lame dentel\u00e9e pour droitier avec guide de coupe<\/b><\/p>\n<ul>\n<li>Id\u00e9al pour la d\u00e9coupe de la plupart des aliments, cuits ou crus, durs ou mous: viandes, charcuteries, fromages, pains, fruits ou l\u00e9gumes<\/li>\n<li>Guide de coupe en aluminium anodis\u00e9 titane ultra-rigide<\/li>\n<li>Epaisseurs de tranche ajustable jusqu&rsquo;\u00e0 16 mm<\/li>\n<li>Lame \u00e0 dents demi-lune de 21 cm en acier de grande rigidit\u00e9<\/li>\n<li>Manche ergonomique en ABS. Taille du couteau: 36cm<\/li>\n<li>Se d\u00e9monte facilement pour un nettoyage \u00e0 la main de pr\u00e9f\u00e9rence. Le couteau peut aussi aller au lave-vaisselle<\/li>\n<li>Garanti 10 ans contre la corrosion<\/li>\n<li>Conforme aux normes de l&rsquo;agence f\u00e9d\u00e9rale charg\u00e9e du contr\u00f4le sanitaire et de la r\u00e9glementation am\u00e9ricaine (FDA)<\/li>\n<li>Frais d&rsquo;envoi inclus &#8211; service d&rsquo;acheminement \u00e9conomique (restrictions possibles selon destination, courrier rapide en option).<\/li>\n<\/ul>\n<p>&nbsp;<\/p>\n","protected":false},"featured_media":5860,"comment_status":"open","ping_status":"closed","template":"","meta":[],"product_brand":[],"product_cat":[15],"product_tag":[],"class_list":{"0":"post-138","1":"product","2":"type-product","3":"status-publish","4":"has-post-thumbnail","6":"product_cat-couteau","7":"product_shipping_class-unitaire","9":"first","10":"instock","11":"sale","12":"shipping-taxable","13":"purchasable","14":"product-type-simple"},"_links":{"self":[{"href":"https:\/\/baourouge.com\/fr\/wp-json\/wp\/v2\/product\/138","targetHints":{"allow":["GET"]}}],"collection":[{"href":"https:\/\/baourouge.com\/fr\/wp-json\/wp\/v2\/product"}],"about":[{"href":"https:\/\/baourouge.com\/fr\/wp-json\/wp\/v2\/types\/product"}],"replies":[{"embeddable":true,"href":"https:\/\/baourouge.com\/fr\/wp-json\/wp\/v2\/comments?post=138"}],"version-history":[{"count":1,"href":"https:\/\/baourouge.com\/fr\/wp-json\/wp\/v2\/product\/138\/revisions"}],"predecessor-version":[{"id":8218,"href":"https:\/\/baourouge.com\/fr\/wp-json\/wp\/v2\/product\/138\/revisions\/8218"}],"wp:featuredmedia":[{"embeddable":true,"href":"https:\/\/baourouge.com\/fr\/wp-json\/wp\/v2\/media\/5860"}],"wp:attachment":[{"href":"https:\/\/baourouge.com\/fr\/wp-json\/wp\/v2\/media?parent=138"}],"wp:term":[{"taxonomy":"product_brand","embeddable":true,"href":"https:\/\/baourouge.com\/fr\/wp-json\/wp\/v2\/product_brand?post=138"},{"taxonomy":"product_cat","embeddable":true,"href":"https:\/\/baourouge.com\/fr\/wp-json\/wp\/v2\/product_cat?post=138"},{"taxonomy":"product_tag","embeddable":true,"href":"https:\/\/baourouge.com\/fr\/wp-json\/wp\/v2\/product_tag?post=138"}],"curies":[{"name":"wp","href":"https:\/\/api.w.org\/{rel}","templated":true}]}}